{"id":24,"date":"2024-01-22T12:37:45","date_gmt":"2024-01-22T12:37:45","guid":{"rendered":"https:\/\/silver-robotics.de\/?page_id=24"},"modified":"2024-10-25T09:41:10","modified_gmt":"2024-10-25T09:41:10","slug":"service","status":"publish","type":"page","link":"https:\/\/silver-robotics.de\/index.php\/service\/","title":{"rendered":"SERVICE"},"content":{"rendered":"<p>[et_pb_section fb_built=&#8220;1&#8243; admin_label=&#8220;Hero&#8220; _builder_version=&#8220;4.4.8&#8243; background_color=&#8220;rgba(58,61,66,0.68)&#8220; background_image=&#8220;https:\/\/silver-robotics.de\/wp-content\/uploads\/2024\/07\/2024_06_17_NZ84940-min.jpg&#8220; background_blend=&#8220;darken&#8220; custom_padding=&#8220;80px|0|0||false|false&#8220;][et_pb_row use_custom_gutter=&#8220;on&#8220; gutter_width=&#8220;1&#8243; make_equal=&#8220;on&#8220; padding_top_bottom_link_2=&#8220;true&#8220; padding_left_right_link_2=&#8220;true&#8220; _builder_version=&#8220;4.4.8&#8243; custom_margin=&#8220;|||&#8220; custom_padding=&#8220;27px|0px|0|0px|false|false&#8220;][et_pb_column type=&#8220;4_4&#8243; _builder_version=&#8220;3.25&#8243; custom_padding=&#8220;|4%|80px|&#8220; custom_padding_tablet=&#8220;||40px|&#8220; custom_padding_phone=&#8220;&#8220; custom_padding_last_edited=&#8220;on|tablet&#8220; padding_tablet=&#8220;||40px|&#8220; padding_last_edited=&#8220;on|tablet&#8220; custom_padding__hover=&#8220;|||&#8220;][et_pb_text _builder_version=&#8220;4.4.8&#8243; text_font=&#8220;Open Sans||||||||&#8220; text_font_size=&#8220;20px&#8220; text_line_height=&#8220;2em&#8220; header_font=&#8220;|800||on|||||&#8220; header_font_size=&#8220;68px&#8220; header_line_height=&#8220;1.4em&#8220; background_enable_color=&#8220;off&#8220; background_layout=&#8220;dark&#8220; max_width=&#8220;700px&#8220; custom_margin=&#8220;0px||0px||false|false&#8220; custom_padding=&#8220;3px|10px|3px|10px|true|true&#8220; text_font_size_tablet=&#8220;&#8220; text_font_size_phone=&#8220;16px&#8220; text_font_size_last_edited=&#8220;on|phone&#8220; header_font_size_tablet=&#8220;44px&#8220; header_font_size_phone=&#8220;24px&#8220; header_font_size_last_edited=&#8220;on|desktop&#8220; header_line_height_tablet=&#8220;1.4em&#8220; header_line_height_phone=&#8220;1.4em&#8220; header_line_height_last_edited=&#8220;on|desktop&#8220;]<\/p>\n<h1>Unsere Leistungen<\/h1>\n<p>Bei Silver Robotics bieten wir umfassende Serviceleistungen, die \u00fcber die Bereitstellung erstklassiger Roboterl\u00f6sungen hinausgehen.\u00a0Unser Engagement endet nicht mit der Installation \u2013 wir stehen Ihnen langfristig zur Seite.<\/p>\n<p>[\/et_pb_text][\/et_pb_column][\/et_pb_row][\/et_pb_section][et_pb_section fb_built=&#8220;1&#8243; admin_label=&#8220;Services Header&#8220; _builder_version=&#8220;3.22&#8243; custom_padding=&#8220;0|0px|75px|0px|false|false&#8220; locked=&#8220;off&#8220;][et_pb_row column_structure=&#8220;2_3,1_3&#8243; use_custom_gutter=&#8220;on&#8220; gutter_width=&#8220;1&#8243; padding_top_bottom_link_2=&#8220;true&#8220; padding_left_right_link_2=&#8220;true&#8220; _builder_version=&#8220;4.4.8&#8243; custom_padding=&#8220;0|0px|27px|0px|false|false&#8220; animation_direction=&#8220;top&#8220; locked=&#8220;off&#8220;][et_pb_column type=&#8220;2_3&#8243; _builder_version=&#8220;3.25&#8243; custom_padding=&#8220;|||&#8220; custom_padding__hover=&#8220;|||&#8220;][et_pb_text _builder_version=&#8220;4.4.8&#8243; text_font=&#8220;||||||||&#8220; ul_font=&#8220;||||||||&#8220; ol_font=&#8220;||||||||&#8220; quote_font=&#8220;||||||||&#8220; header_font=&#8220;||||||||&#8220; header_2_font=&#8220;|800|||||||&#8220; header_2_font_size=&#8220;24px&#8220; header_2_line_height=&#8220;1.8em&#8220; header_3_font=&#8220;||||||||&#8220; header_4_font=&#8220;|800||on|||||&#8220; header_4_font_size=&#8220;16px&#8220; header_4_letter_spacing=&#8220;0.5px&#8220; header_4_line_height=&#8220;1.7em&#8220; header_5_font=&#8220;||||||||&#8220; header_6_font=&#8220;||||||||&#8220; background_color=&#8220;#efefef&#8220; padding_1_last_edited=&#8220;on|desktop&#8220; custom_padding=&#8220;30px|50px|30px|50px|true|true|20px|10%|20px|10%|true|true||on|desktop&#8220; custom_padding_tablet=&#8220;&#8220; custom_padding_phone=&#8220;20px|10%|20px|10%|true|true&#8220; custom_padding_last_edited=&#8220;on|phone&#8220; header_2_font_size_tablet=&#8220;&#8220; header_2_font_size_phone=&#8220;18px&#8220; header_2_font_size_last_edited=&#8220;on|phone&#8220; locked=&#8220;off&#8220;]<\/p>\n<h4><\/h4>\n<h2>WIR BEGLEITEN IHR PROJEKT VON A-Z<\/h2>\n<p>[\/et_pb_text][et_pb_text _builder_version=&#8220;4.4.8&#8243; custom_padding=&#8220;36px|||||&#8220;]<\/p>\n<p>Bei Silver Robotics begleiten wir Sie durch den gesamten Automatisierungsprozess \u2013 von der ersten Idee bis zur langfristigen Betreuung Ihrer Roboterl\u00f6sungen.\u00a0<\/p>\n<p>[\/et_pb_text][\/et_pb_column][et_pb_column type=&#8220;1_3&#8243; _builder_version=&#8220;3.25&#8243; custom_padding=&#8220;50px|50px|50px|50px&#8220; custom_padding_tablet=&#8220;&#8220; custom_padding_phone=&#8220;20px|10%|20px|10%|true|true&#8220; custom_padding_last_edited=&#8220;on|phone&#8220; padding_phone=&#8220;20px|10%|20px|10%|true|true&#8220; padding_last_edited=&#8220;on|phone&#8220; custom_padding__hover=&#8220;|||&#8220;][\/et_pb_column][\/et_pb_row][et_pb_row column_structure=&#8220;1_5,1_5,1_5,1_5,1_5&#8243; _builder_version=&#8220;4.4.8&#8243; max_width=&#8220;1518px&#8220;][et_pb_column type=&#8220;1_5&#8243; _builder_version=&#8220;4.4.8&#8243;][et_pb_blurb title=&#8220;1. ANALYSE&#8220; image=&#8220;https:\/\/silver-robotics.de\/wp-content\/uploads\/2024\/07\/Machbarkeitsstudie.png&#8220; image_max_width=&#8220;50%&#8220; _builder_version=&#8220;4.4.8&#8243; header_font=&#8220;|800|||||||&#8220;]<\/p>\n<p>Wir analysieren Ihre Anforderungen und die Machbarkeit von Projekten, um eine fundierte Entscheidungsgrundlage f\u00fcr Ihre Investitionen zu schaffen.\u00a0<\/p>\n<p>[\/et_pb_blurb][\/et_pb_column][et_pb_column type=&#8220;1_5&#8243; _builder_version=&#8220;4.4.8&#8243;][et_pb_blurb title=&#8220;2. BERATUNG&#8220; image=&#8220;https:\/\/silver-robotics.de\/wp-content\/uploads\/2024\/07\/Beratung.png&#8220; image_max_width=&#8220;50%&#8220; _builder_version=&#8220;4.4.8&#8243; header_font=&#8220;|800|||||||&#8220;]<\/p>\n<p>Wir bieten Beratung bei der Auswahl der optimalen Technologien sowie detaillierte Planungsservices.<\/p>\n<p>[\/et_pb_blurb][\/et_pb_column][et_pb_column type=&#8220;1_5&#8243; _builder_version=&#8220;4.4.8&#8243;][et_pb_blurb title=&#8220;3. KONZEPT&#8220; image=&#8220;https:\/\/silver-robotics.de\/wp-content\/uploads\/2024\/07\/3d-modell-1.png&#8220; image_max_width=&#8220;50%&#8220; _builder_version=&#8220;4.4.8&#8243; header_font=&#8220;|800|||||||&#8220;]<\/p>\n<p>Wir entwickeln individuelle Konzepte, fertigen die entwickelten\u00a0 Maschinenkomponenten pr\u00e4zise an und setzen die Montage der Gesamtanlage fristgerecht um.\u00a0<\/p>\n<p>[\/et_pb_blurb][\/et_pb_column][et_pb_column type=&#8220;1_5&#8243; _builder_version=&#8220;4.4.8&#8243;][et_pb_blurb title=&#8220;4. KONSTRUKTION &#8220; image=&#8220;https:\/\/silver-robotics.de\/wp-content\/uploads\/2024\/07\/FertigungMontage.png&#8220; image_max_width=&#8220;50%&#8220; _builder_version=&#8220;4.4.8&#8243; header_font=&#8220;|800|||||||&#8220;]<\/p>\n<p>Wir bieten Pr\u00e4zision, Zuverl\u00e4ssigkeit und Anpassungsf\u00e4higkeit. Vertrauen Sie auf unsere Expertise, f\u00fcr revolution\u00e4re Produktionsprozesse.<\/p>\n<p>[\/et_pb_blurb][\/et_pb_column][et_pb_column type=&#8220;1_5&#8243; _builder_version=&#8220;4.4.8&#8243;][et_pb_blurb title=&#8220;5. PRODUKTION&#8220; image=&#8220;https:\/\/silver-robotics.de\/wp-content\/uploads\/2024\/07\/spare-parts.png&#8220; image_max_width=&#8220;50%&#8220; _builder_version=&#8220;4.4.8&#8243; header_font=&#8220;|800|||||||&#8220;]<\/p>\n<p>Wir integrieren Automatisierungstechnik in unsere L\u00f6sungen und bereiten Ihr Unternehmen auf die Zukunft vor.<\/p>\n<p>[\/et_pb_blurb][\/et_pb_column][\/et_pb_row][et_pb_row column_structure=&#8220;1_5,1_5,1_5,1_5,1_5&#8243; _builder_version=&#8220;4.4.8&#8243; max_width=&#8220;1518px&#8220; custom_margin=&#8220;15px||||false|false&#8220;][et_pb_column type=&#8220;1_5&#8243; _builder_version=&#8220;4.4.8&#8243;][et_pb_blurb title=&#8220;6. SIMULATION&#8220; image=&#8220;https:\/\/silver-robotics.de\/wp-content\/uploads\/2024\/07\/simulation.png&#8220; image_max_width=&#8220;50%&#8220; _builder_version=&#8220;4.4.8&#8243; header_font=&#8220;|800|||||||&#8220;]<\/p>\n<p>Bevor wir Ihre Roboteranlagen realisieren, simulieren wir sie am Computer. So erkennen wir m\u00f6gliche Herausforderungen fr\u00fchzeitig.<\/p>\n<p>[\/et_pb_blurb][\/et_pb_column][et_pb_column type=&#8220;1_5&#8243; _builder_version=&#8220;4.4.8&#8243;][et_pb_blurb title=&#8220;7. INBETRIEBNAHME&#8220; image=&#8220;https:\/\/silver-robotics.de\/wp-content\/uploads\/2024\/07\/robotik-1.png&#8220; image_max_width=&#8220;50%&#8220; _builder_version=&#8220;4.4.8&#8243; header_font=&#8220;|800|||||||&#8220;]<\/p>\n<p>Wir modifizieren bestehende Maschinen und f\u00fchren Upgrades an Ihren Anlagen durch. So steigern wir ihre\u00a0Leistungsf\u00e4higkeit und Effizienz.<\/p>\n<p>[\/et_pb_blurb][\/et_pb_column][et_pb_column type=&#8220;1_5&#8243; _builder_version=&#8220;4.4.8&#8243;][et_pb_blurb title=&#8220;8.  SCHULUNGEN&#8220; image=&#8220;https:\/\/silver-robotics.de\/wp-content\/uploads\/2024\/07\/prasentation.png&#8220; image_max_width=&#8220;50%&#8220; _builder_version=&#8220;4.4.8&#8243; header_font=&#8220;|800|||||||&#8220;]<\/p>\n<p>Wir Schulen Ihr Personal speziell f\u00fcr die Anforderungen Ihrer Automatisierungsl\u00f6sung.\u00a0<\/p>\n<p>[\/et_pb_blurb][\/et_pb_column][et_pb_column type=&#8220;1_5&#8243; _builder_version=&#8220;4.4.8&#8243;][et_pb_blurb title=&#8220;9. WARTUNG&#8220; image=&#8220;https:\/\/silver-robotics.de\/wp-content\/uploads\/2024\/07\/schlussel.png&#8220; image_max_width=&#8220;50%&#8220; _builder_version=&#8220;4.4.8&#8243; header_font=&#8220;|800|||||||&#8220;]<\/p>\n<p>Wir bieten eine langfristige Betreuung Ihrer Maschinen durch regelm\u00e4\u00dfige Wartungsdienste.<\/p>\n<p>[\/et_pb_blurb][\/et_pb_column][et_pb_column type=&#8220;1_5&#8243; _builder_version=&#8220;4.4.8&#8243;][et_pb_blurb title=&#8220;10. SUPPORT&#8220; image=&#8220;https:\/\/silver-robotics.de\/wp-content\/uploads\/2024\/07\/projektmanagement.png&#8220; image_max_width=&#8220;50%&#8220; _builder_version=&#8220;4.4.8&#8243; header_font=&#8220;|800|||||||&#8220;]<\/p>\n<p>Wir bieten eine umfassende Koordination und \u00dcberwachung Ihres Projektes, um termingerechte Lieferung und Budgeteinhaltung sicherzustellen.<\/p>\n<p>[\/et_pb_blurb][\/et_pb_column][\/et_pb_row][\/et_pb_section][et_pb_section fb_built=&#8220;1&#8243; _builder_version=&#8220;4.4.8&#8243; background_color=&#8220;rgba(58,61,66,0.46)&#8220; background_image=&#8220;https:\/\/silver-robotics.de\/wp-content\/uploads\/2024\/07\/2024_06_17_NZ85081.jpg&#8220; background_blend=&#8220;darken&#8220; custom_padding=&#8220;110px||111px|||&#8220;][et_pb_row _builder_version=&#8220;4.4.8&#8243;][et_pb_column type=&#8220;4_4&#8243; _builder_version=&#8220;4.4.8&#8243;][et_pb_text _builder_version=&#8220;4.4.8&#8243; header_font=&#8220;|800|||||||&#8220; header_text_color=&#8220;#ffffff&#8220; header_font_size=&#8220;35px&#8220; header_line_height=&#8220;1.5em&#8220; background_enable_color=&#8220;off&#8220; header_font_last_edited=&#8220;off|phone&#8220;]<\/p>\n<h1 style=\"text-align: center;\"><\/h1>\n<h1 style=\"text-align: center;\">ES GIBT KEINE ALTERNATIVE ZU DIGITALER TRANSFORMATION<\/h1>\n<p>[\/et_pb_text][\/et_pb_column][\/et_pb_row][\/et_pb_section]<\/p>\n","protected":false},"excerpt":{"rendered":"<p>[et_pb_section fb_built=&#8220;1&#8243; admin_label=&#8220;Hero&#8220; _builder_version=&#8220;4.4.8&#8243; background_color=&#8220;rgba(58,61,66,0.68)&#8220; background_image=&#8220;https:\/\/silver-robotics.de\/wp-content\/uploads\/2024\/07\/2024_06_17_NZ84940-min.jpg&#8220; background_blend=&#8220;darken&#8220; custom_padding=&#8220;80px|0|0||false|false&#8220;][et_pb_row use_custom_gutter=&#8220;on&#8220; gutter_width=&#8220;1&#8243; make_equal=&#8220;on&#8220; padding_top_bottom_link_2=&#8220;true&#8220; padding_left_right_link_2=&#8220;true&#8220; _builder_version=&#8220;4.4.8&#8243; custom_margin=&#8220;|||&#8220; custom_padding=&#8220;27px|0px|0|0px|false|false&#8220;][et_pb_column type=&#8220;4_4&#8243; _builder_version=&#8220;3.25&#8243; custom_padding=&#8220;|4%|80px|&#8220; custom_padding_tablet=&#8220;||40px|&#8220; custom_padding_phone=&#8220;&#8220; custom_padding_last_edited=&#8220;on|tablet&#8220; padding_tablet=&#8220;||40px|&#8220; padding_last_edited=&#8220;on|tablet&#8220; custom_padding__hover=&#8220;|||&#8220;][et_pb_text _builder_version=&#8220;4.4.8&#8243; text_font=&#8220;Open Sans||||||||&#8220; text_font_size=&#8220;20px&#8220; text_line_height=&#8220;2em&#8220; header_font=&#8220;|800||on|||||&#8220; header_font_size=&#8220;68px&#8220; header_line_height=&#8220;1.4em&#8220; background_enable_color=&#8220;off&#8220; background_layout=&#8220;dark&#8220; max_width=&#8220;700px&#8220; custom_margin=&#8220;0px||0px||false|false&#8220; custom_padding=&#8220;3px|10px|3px|10px|true|true&#8220; text_font_size_tablet=&#8220;&#8220; text_font_size_phone=&#8220;16px&#8220; text_font_size_last_edited=&#8220;on|phone&#8220; header_font_size_tablet=&#8220;44px&#8220; header_font_size_phone=&#8220;24px&#8220; header_font_size_last_edited=&#8220;on|desktop&#8220; header_line_height_tablet=&#8220;1.4em&#8220; header_line_height_phone=&#8220;1.4em&#8220; header_line_height_last_edited=&#8220;on|desktop&#8220;] Unsere Leistungen Bei Silver Robotics bieten wir umfassende [&hellip;]<\/p>\n","protected":false},"author":1,"featured_media":0,"parent":0,"menu_order":0,"comment_status":"closed","ping_status":"closed","template":"","meta":{"_et_pb_use_builder":"on","_et_pb_old_content":"","_et_gb_content_width":"","footnotes":""},"class_list":["post-24","page","type-page","status-publish","hentry"],"yoast_head":"<!-- This site is optimized with the Yoast SEO plugin v25.4 - https:\/\/yoast.com\/wordpress\/plugins\/seo\/ -->\n<title>SERVICE - Silver Robotics<\/title>\n<meta name=\"robots\" content=\"index, follow, max-snippet:-1, max-image-preview:large, max-video-preview:-1\" \/>\n<link rel=\"canonical\" href=\"https:\/\/silver-robotics.de\/index.php\/service\/\" \/>\n<meta property=\"og:locale\" content=\"de_DE\" \/>\n<meta property=\"og:type\" content=\"article\" \/>\n<meta property=\"og:title\" content=\"SERVICE - Silver Robotics\" \/>\n<meta property=\"og:description\" content=\"[et_pb_section fb_built=&#8220;1&#8243; admin_label=&#8220;Hero&#8220; _builder_version=&#8220;4.4.8&#8243; background_color=&#8220;rgba(58,61,66,0.68)&#8220; background_image=&#8220;https:\/\/silver-robotics.de\/wp-content\/uploads\/2024\/07\/2024_06_17_NZ84940-min.jpg&#8220; background_blend=&#8220;darken&#8220; custom_padding=&#8220;80px|0|0||false|false&#8220;][et_pb_row use_custom_gutter=&#8220;on&#8220; gutter_width=&#8220;1&#8243; make_equal=&#8220;on&#8220; padding_top_bottom_link_2=&#8220;true&#8220; padding_left_right_link_2=&#8220;true&#8220; _builder_version=&#8220;4.4.8&#8243; custom_margin=&#8220;|||&#8220; custom_padding=&#8220;27px|0px|0|0px|false|false&#8220;][et_pb_column type=&#8220;4_4&#8243; _builder_version=&#8220;3.25&#8243; custom_padding=&#8220;|4%|80px|&#8220; custom_padding_tablet=&#8220;||40px|&#8220; custom_padding_phone=&#8220;&#8220; custom_padding_last_edited=&#8220;on|tablet&#8220; padding_tablet=&#8220;||40px|&#8220; padding_last_edited=&#8220;on|tablet&#8220; custom_padding__hover=&#8220;|||&#8220;][et_pb_text _builder_version=&#8220;4.4.8&#8243; text_font=&#8220;Open Sans||||||||&#8220; text_font_size=&#8220;20px&#8220; text_line_height=&#8220;2em&#8220; header_font=&#8220;|800||on|||||&#8220; header_font_size=&#8220;68px&#8220; header_line_height=&#8220;1.4em&#8220; background_enable_color=&#8220;off&#8220; background_layout=&#8220;dark&#8220; max_width=&#8220;700px&#8220; custom_margin=&#8220;0px||0px||false|false&#8220; custom_padding=&#8220;3px|10px|3px|10px|true|true&#8220; text_font_size_tablet=&#8220;&#8220; text_font_size_phone=&#8220;16px&#8220; text_font_size_last_edited=&#8220;on|phone&#8220; header_font_size_tablet=&#8220;44px&#8220; header_font_size_phone=&#8220;24px&#8220; header_font_size_last_edited=&#8220;on|desktop&#8220; header_line_height_tablet=&#8220;1.4em&#8220; header_line_height_phone=&#8220;1.4em&#8220; header_line_height_last_edited=&#8220;on|desktop&#8220;] Unsere Leistungen Bei Silver Robotics bieten wir umfassende [&hellip;]\" \/>\n<meta property=\"og:url\" content=\"https:\/\/silver-robotics.de\/index.php\/service\/\" \/>\n<meta property=\"og:site_name\" content=\"Silver Robotics\" \/>\n<meta property=\"article:modified_time\" content=\"2024-10-25T09:41:10+00:00\" \/>\n<meta name=\"twitter:card\" content=\"summary_large_image\" \/>\n<meta name=\"twitter:label1\" content=\"Gesch\u00e4tzte Lesezeit\" \/>\n\t<meta name=\"twitter:data1\" content=\"6\u00a0Minuten\" \/>\n<script type=\"application\/ld+json\" class=\"yoast-schema-graph\">{\"@context\":\"https:\/\/schema.org\",\"@graph\":[{\"@type\":\"WebPage\",\"@id\":\"https:\/\/silver-robotics.de\/index.php\/service\/\",\"url\":\"https:\/\/silver-robotics.de\/index.php\/service\/\",\"name\":\"SERVICE - Silver Robotics\",\"isPartOf\":{\"@id\":\"https:\/\/silver-robotics.de\/#website\"},\"datePublished\":\"2024-01-22T12:37:45+00:00\",\"dateModified\":\"2024-10-25T09:41:10+00:00\",\"breadcrumb\":{\"@id\":\"https:\/\/silver-robotics.de\/index.php\/service\/#breadcrumb\"},\"inLanguage\":\"de\",\"potentialAction\":[{\"@type\":\"ReadAction\",\"target\":[\"https:\/\/silver-robotics.de\/index.php\/service\/\"]}]},{\"@type\":\"BreadcrumbList\",\"@id\":\"https:\/\/silver-robotics.de\/index.php\/service\/#breadcrumb\",\"itemListElement\":[{\"@type\":\"ListItem\",\"position\":1,\"name\":\"Startseite\",\"item\":\"https:\/\/silver-robotics.de\/\"},{\"@type\":\"ListItem\",\"position\":2,\"name\":\"SERVICE\"}]},{\"@type\":\"WebSite\",\"@id\":\"https:\/\/silver-robotics.de\/#website\",\"url\":\"https:\/\/silver-robotics.de\/\",\"name\":\"Silver Robotics\",\"description\":\"\",\"potentialAction\":[{\"@type\":\"SearchAction\",\"target\":{\"@type\":\"EntryPoint\",\"urlTemplate\":\"https:\/\/silver-robotics.de\/?s={search_term_string}\"},\"query-input\":{\"@type\":\"PropertyValueSpecification\",\"valueRequired\":true,\"valueName\":\"search_term_string\"}}],\"inLanguage\":\"de\"}]}<\/script>\n<!-- \/ Yoast SEO plugin. -->","yoast_head_json":{"title":"SERVICE - Silver Robotics","robots":{"index":"index","follow":"follow","max-snippet":"max-snippet:-1","max-image-preview":"max-image-preview:large","max-video-preview":"max-video-preview:-1"},"canonical":"https:\/\/silver-robotics.de\/index.php\/service\/","og_locale":"de_DE","og_type":"article","og_title":"SERVICE - Silver Robotics","og_description":"[et_pb_section fb_built=&#8220;1&#8243; admin_label=&#8220;Hero&#8220; _builder_version=&#8220;4.4.8&#8243; background_color=&#8220;rgba(58,61,66,0.68)&#8220; background_image=&#8220;https:\/\/silver-robotics.de\/wp-content\/uploads\/2024\/07\/2024_06_17_NZ84940-min.jpg&#8220; background_blend=&#8220;darken&#8220; custom_padding=&#8220;80px|0|0||false|false&#8220;][et_pb_row use_custom_gutter=&#8220;on&#8220; gutter_width=&#8220;1&#8243; make_equal=&#8220;on&#8220; padding_top_bottom_link_2=&#8220;true&#8220; padding_left_right_link_2=&#8220;true&#8220; _builder_version=&#8220;4.4.8&#8243; custom_margin=&#8220;|||&#8220; custom_padding=&#8220;27px|0px|0|0px|false|false&#8220;][et_pb_column type=&#8220;4_4&#8243; _builder_version=&#8220;3.25&#8243; custom_padding=&#8220;|4%|80px|&#8220; custom_padding_tablet=&#8220;||40px|&#8220; custom_padding_phone=&#8220;&#8220; custom_padding_last_edited=&#8220;on|tablet&#8220; padding_tablet=&#8220;||40px|&#8220; padding_last_edited=&#8220;on|tablet&#8220; custom_padding__hover=&#8220;|||&#8220;][et_pb_text _builder_version=&#8220;4.4.8&#8243; text_font=&#8220;Open Sans||||||||&#8220; text_font_size=&#8220;20px&#8220; text_line_height=&#8220;2em&#8220; header_font=&#8220;|800||on|||||&#8220; header_font_size=&#8220;68px&#8220; header_line_height=&#8220;1.4em&#8220; background_enable_color=&#8220;off&#8220; background_layout=&#8220;dark&#8220; max_width=&#8220;700px&#8220; custom_margin=&#8220;0px||0px||false|false&#8220; custom_padding=&#8220;3px|10px|3px|10px|true|true&#8220; text_font_size_tablet=&#8220;&#8220; text_font_size_phone=&#8220;16px&#8220; text_font_size_last_edited=&#8220;on|phone&#8220; header_font_size_tablet=&#8220;44px&#8220; header_font_size_phone=&#8220;24px&#8220; header_font_size_last_edited=&#8220;on|desktop&#8220; header_line_height_tablet=&#8220;1.4em&#8220; header_line_height_phone=&#8220;1.4em&#8220; header_line_height_last_edited=&#8220;on|desktop&#8220;] Unsere Leistungen Bei Silver Robotics bieten wir umfassende [&hellip;]","og_url":"https:\/\/silver-robotics.de\/index.php\/service\/","og_site_name":"Silver Robotics","article_modified_time":"2024-10-25T09:41:10+00:00","twitter_card":"summary_large_image","twitter_misc":{"Gesch\u00e4tzte Lesezeit":"6\u00a0Minuten"},"schema":{"@context":"https:\/\/schema.org","@graph":[{"@type":"WebPage","@id":"https:\/\/silver-robotics.de\/index.php\/service\/","url":"https:\/\/silver-robotics.de\/index.php\/service\/","name":"SERVICE - Silver Robotics","isPartOf":{"@id":"https:\/\/silver-robotics.de\/#website"},"datePublished":"2024-01-22T12:37:45+00:00","dateModified":"2024-10-25T09:41:10+00:00","breadcrumb":{"@id":"https:\/\/silver-robotics.de\/index.php\/service\/#breadcrumb"},"inLanguage":"de","potentialAction":[{"@type":"ReadAction","target":["https:\/\/silver-robotics.de\/index.php\/service\/"]}]},{"@type":"BreadcrumbList","@id":"https:\/\/silver-robotics.de\/index.php\/service\/#breadcrumb","itemListElement":[{"@type":"ListItem","position":1,"name":"Startseite","item":"https:\/\/silver-robotics.de\/"},{"@type":"ListItem","position":2,"name":"SERVICE"}]},{"@type":"WebSite","@id":"https:\/\/silver-robotics.de\/#website","url":"https:\/\/silver-robotics.de\/","name":"Silver Robotics","description":"","potentialAction":[{"@type":"SearchAction","target":{"@type":"EntryPoint","urlTemplate":"https:\/\/silver-robotics.de\/?s={search_term_string}"},"query-input":{"@type":"PropertyValueSpecification","valueRequired":true,"valueName":"search_term_string"}}],"inLanguage":"de"}]}},"_links":{"self":[{"href":"https:\/\/silver-robotics.de\/index.php\/wp-json\/wp\/v2\/pages\/24","targetHints":{"allow":["GET"]}}],"collection":[{"href":"https:\/\/silver-robotics.de\/index.php\/wp-json\/wp\/v2\/pages"}],"about":[{"href":"https:\/\/silver-robotics.de\/index.php\/wp-json\/wp\/v2\/types\/page"}],"author":[{"embeddable":true,"href":"https:\/\/silver-robotics.de\/index.php\/wp-json\/wp\/v2\/users\/1"}],"replies":[{"embeddable":true,"href":"https:\/\/silver-robotics.de\/index.php\/wp-json\/wp\/v2\/comments?post=24"}],"version-history":[{"count":21,"href":"https:\/\/silver-robotics.de\/index.php\/wp-json\/wp\/v2\/pages\/24\/revisions"}],"predecessor-version":[{"id":639,"href":"https:\/\/silver-robotics.de\/index.php\/wp-json\/wp\/v2\/pages\/24\/revisions\/639"}],"wp:attachment":[{"href":"https:\/\/silver-robotics.de\/index.php\/wp-json\/wp\/v2\/media?parent=24"}],"curies":[{"name":"wp","href":"https:\/\/api.w.org\/{rel}","templated":true}]}}